{"id":6103,"date":"2026-04-17T04:34:14","date_gmt":"2026-04-17T04:34:14","guid":{"rendered":"https:\/\/hanvicostore.com.vn\/?post_type=product&#038;p=6103"},"modified":"2026-04-17T07:33:56","modified_gmt":"2026-04-17T07:33:56","slug":"tam-bao-ve-nem-chong-tham-tuyet-doi","status":"publish","type":"product","link":"https:\/\/hanvicostore.com.vn\/en\/product\/tam-bao-ve-nem-chong-tham-tuyet-doi\/","title":{"rendered":"T\u1ea5m b\u1ea3o v\u1ec7 n\u1ec7m ch\u1ed1ng th\u1ea5m tuy\u1ec7t \u0111\u1ed1i"},"content":{"rendered":"<h2 data-path-to-node=\"0\">T\u1ea5m B\u1ea3o V\u1ec7 N\u1ec7m Ch\u1ed1ng Th\u1ea5m Tuy\u1ec7t \u0110\u1ed1i &#8211; Hanvico<\/h2>\n<p data-path-to-node=\"1\">T\u1ea5m b\u1ea3o v\u1ec7 n\u1ec7m Hanvico l\u00e0 gi\u1ea3i ph\u00e1p ho\u00e0n h\u1ea3o \u0111\u1ec3 gi\u1eef cho chi\u1ebfc n\u1ec7m c\u1ee7a gia \u0111\u00ecnh lu\u00f4n s\u1ea1ch s\u1ebd v\u00e0 b\u1ec1n b\u1ec9 theo th\u1eddi gian. V\u1edbi c\u00f4ng ngh\u1ec7 ch\u1ed1ng th\u1ea5m 100%, s\u1ea3n ph\u1ea9m kh\u00f4ng ch\u1ec9 ng\u0103n ch\u1eb7n ch\u1ea5t l\u1ecfng m\u00e0 c\u00f2n mang l\u1ea1i c\u1ea3m gi\u00e1c \u00eam \u00e1i, tho\u00e1ng m\u00e1t, gi\u00fap n\u00e2ng t\u1ea7m ch\u1ea5t l\u01b0\u1ee3ng gi\u1ea5c ng\u1ee7 cho m\u1ecdi th\u00e0nh vi\u00ean trong gia \u0111\u00ecnh.<img loading=\"lazy\" decoding=\"async\" class=\"aligncenter wp-image-6128 size-full\" src=\"https:\/\/hanvicostore.com.vn\/wp-content\/uploads\/2026\/04\/z7734533634080_697c48a97910b12f351c39aea937defd.jpg\" alt=\"\" width=\"1000\" height=\"1500\" srcset=\"https:\/\/hanvicostore.com.vn\/wp-content\/uploads\/2026\/04\/z7734533634080_697c48a97910b12f351c39aea937defd.jpg 1000w, https:\/\/hanvicostore.com.vn\/wp-content\/uploads\/2026\/04\/z7734533634080_697c48a97910b12f351c39aea937defd-200x300.jpg 200w, https:\/\/hanvicostore.com.vn\/wp-content\/uploads\/2026\/04\/z7734533634080_697c48a97910b12f351c39aea937defd-683x1024.jpg 683w, https:\/\/hanvicostore.com.vn\/wp-content\/uploads\/2026\/04\/z7734533634080_697c48a97910b12f351c39aea937defd-768x1152.jpg 768w, https:\/\/hanvicostore.com.vn\/wp-content\/uploads\/2026\/04\/z7734533634080_697c48a97910b12f351c39aea937defd-8x12.jpg 8w, https:\/\/hanvicostore.com.vn\/wp-content\/uploads\/2026\/04\/z7734533634080_697c48a97910b12f351c39aea937defd-600x900.jpg 600w\" sizes=\"auto, (max-width: 1000px) 100vw, 1000px\" \/><\/p>\n<hr data-path-to-node=\"2\" \/>\n<h3 data-path-to-node=\"3\">Th\u00f4ng s\u1ed1 k\u1ef9 thu\u1eadt<\/h3>\n<ul data-path-to-node=\"4\">\n<li>\n<p data-path-to-node=\"4,0,0\"><b data-path-to-node=\"4,0,0\" data-index-in-node=\"0\">Th\u01b0\u01a1ng hi\u1ec7u:<\/b> Hanvico.<\/p>\n<\/li>\n<li>\n<p data-path-to-node=\"4,1,0\"><b data-path-to-node=\"4,1,0\" data-index-in-node=\"0\">K\u00edch th\u01b0\u1edbc \u0111a d\u1ea1ng:<\/b> 120&#215;200, 140&#215;200, 160&#215;200, 180&#215;200, 200&#215;200, 220&#215;200 (cm).<\/p>\n<\/li>\n<li>\n<p data-path-to-node=\"4,2,0\"><b data-path-to-node=\"4,2,0\" data-index-in-node=\"0\">\u0110\u1ed9 d\u00e0y n\u1ec7m t\u01b0\u01a1ng th\u00edch:<\/b><\/p>\n<ul data-path-to-node=\"4,2,1\">\n<li>\n<p data-path-to-node=\"4,2,1,0,0\"><b data-path-to-node=\"4,2,1,0,0\" data-index-in-node=\"0\">Lo\u1ea1i thun 4 g\u00f3c:<\/b> Ph\u00f9 h\u1ee3p ch\u00e2n n\u1ec7m cao <b data-path-to-node=\"4,2,1,0,0\" data-index-in-node=\"38\">30 &#8211; 35cm<\/b>.<\/p>\n<\/li>\n<li>\n<p data-path-to-node=\"4,2,1,1,0\"><b data-path-to-node=\"4,2,1,1,0\" data-index-in-node=\"0\">Lo\u1ea1i Ga b\u1ecdc thun:<\/b> Ph\u00f9 h\u1ee3p ch\u00e2n n\u1ec7m cao <b data-path-to-node=\"4,2,1,1,0\" data-index-in-node=\"39\">25 &#8211; 30cm<\/b>.<\/p>\n<\/li>\n<\/ul>\n<\/li>\n<li>\n<p data-path-to-node=\"4,3,0\"><b data-path-to-node=\"4,3,0\" data-index-in-node=\"0\">Ch\u1ea5t li\u1ec7u:<\/b> V\u1ea3i Micro Poly, L\u00f5i b\u00f4ng PE, M\u00e0ng TPU ch\u1ed1ng th\u1ea5m.<\/p>\n<\/li>\n<li>\n<p data-path-to-node=\"4,4,0\"><b data-path-to-node=\"4,4,0\" data-index-in-node=\"0\">M\u00e0u s\u1eafc:<\/b> Ghi x\u00e1m, Tr\u1eafng, Kem.<img loading=\"lazy\" decoding=\"async\" class=\"alignnone size-full wp-image-6130\" src=\"https:\/\/hanvicostore.com.vn\/wp-content\/uploads\/2026\/04\/z7734533831494_c4f017255b95d0f7ff393d4549833b8b.jpg\" alt=\"\" width=\"1000\" height=\"1500\" srcset=\"https:\/\/hanvicostore.com.vn\/wp-content\/uploads\/2026\/04\/z7734533831494_c4f017255b95d0f7ff393d4549833b8b.jpg 1000w, https:\/\/hanvicostore.com.vn\/wp-content\/uploads\/2026\/04\/z7734533831494_c4f017255b95d0f7ff393d4549833b8b-200x300.jpg 200w, https:\/\/hanvicostore.com.vn\/wp-content\/uploads\/2026\/04\/z7734533831494_c4f017255b95d0f7ff393d4549833b8b-683x1024.jpg 683w, https:\/\/hanvicostore.com.vn\/wp-content\/uploads\/2026\/04\/z7734533831494_c4f017255b95d0f7ff393d4549833b8b-768x1152.jpg 768w, https:\/\/hanvicostore.com.vn\/wp-content\/uploads\/2026\/04\/z7734533831494_c4f017255b95d0f7ff393d4549833b8b-8x12.jpg 8w, https:\/\/hanvicostore.com.vn\/wp-content\/uploads\/2026\/04\/z7734533831494_c4f017255b95d0f7ff393d4549833b8b-600x900.jpg 600w\" sizes=\"auto, (max-width: 1000px) 100vw, 1000px\" \/><\/p>\n<\/li>\n<\/ul>\n<hr data-path-to-node=\"5\" \/>\n<h3 data-path-to-node=\"6\">\u0110\u1eb7c \u0111i\u1ec3m n\u1ed5i b\u1eadt v\u01b0\u1ee3t tr\u1ed9i<\/h3>\n<ul data-path-to-node=\"7\">\n<li>\n<p data-path-to-node=\"7,0,0\"><b data-path-to-node=\"7,0,0\" data-index-in-node=\"0\">Ch\u1ed1ng th\u1ea5m tuy\u1ec7t \u0111\u1ed1i 100%:<\/b> Nh\u1edd l\u1edbp m\u00e0ng TPU cao c\u1ea5p \u1edf m\u1eb7t d\u01b0\u1edbi, s\u1ea3n ph\u1ea9m ng\u0103n ch\u1eb7n ho\u00e0n to\u00e0n n\u01b0\u1edbc, m\u1ed3 h\u00f4i v\u00e0 c\u00e1c lo\u1ea1i ch\u1ea5t l\u1ecfng th\u1ea5m xu\u1ed1ng l\u00f5i n\u1ec7m, \u0111\u1eb7c bi\u1ec7t h\u1eefu \u00edch cho gia \u0111\u00ecnh c\u00f3 tr\u1ebb nh\u1ecf ho\u1eb7c ng\u01b0\u1eddi gi\u00e0.<\/p>\n<\/li>\n<li>\n<p data-path-to-node=\"7,1,0\"><b data-path-to-node=\"7,1,0\" data-index-in-node=\"0\">Tho\u00e1ng m\u00e1t v\u00e0 m\u1ec1m m\u1ea1i:<\/b> Kh\u00e1c v\u1edbi c\u00e1c d\u00f2ng ch\u1ed1ng th\u1ea5m th\u00f4ng th\u01b0\u1eddng g\u00e2y n\u00f3ng b\u00ed, b\u1ec1 m\u1eb7t v\u1ea3i Micro Poly c\u1ee7a Hanvico \u0111\u1ea3m b\u1ea3o s\u1ef1 l\u01b0u th\u00f4ng kh\u00f4ng kh\u00ed, mang l\u1ea1i c\u1ea3m gi\u00e1c m\u00e1t m\u1ebb, d\u1ec5 ch\u1ecbu su\u1ed1t \u0111\u00eam.<\/p>\n<\/li>\n<li>\n<p data-path-to-node=\"7,2,0\"><b data-path-to-node=\"7,2,0\" data-index-in-node=\"0\">An to\u00e0n v\u00e0 th\u00e2n thi\u1ec7n:<\/b> S\u1ea3n ph\u1ea9m \u0111\u1ea1t ti\u00eau chu\u1ea9n cao c\u1ea5p, kh\u00f4ng g\u00e2y k\u00edch \u1ee9ng da, tuy\u1ec7t \u0111\u1ed1i an to\u00e0n cho s\u1ee9c kh\u1ecfe v\u00e0 th\u00e2n thi\u1ec7n v\u1edbi m\u00f4i tr\u01b0\u1eddng.<\/p>\n<\/li>\n<li>\n<p data-path-to-node=\"7,3,0\"><b data-path-to-node=\"7,3,0\" data-index-in-node=\"0\">Thi\u1ebft k\u1ebf th\u00f4ng minh, th\u1ea9m m\u1ef9:<\/b> \u0110\u01b0\u1eddng ch\u1ea7n h\u1ecda ti\u1ebft tinh t\u1ebf gi\u00fap c\u1ed1 \u0111\u1ecbnh l\u1edbp b\u00f4ng b\u00ean trong, \u0111\u1ed3ng th\u1eddi m\u00e0u s\u1eafc h\u00e0i h\u00f2a d\u1ec5 d\u00e0ng k\u1ebft h\u1ee3p v\u1edbi m\u1ecdi kh\u00f4ng gian n\u1ed9i th\u1ea5t ph\u00f2ng ng\u1ee7.<\/p>\n<\/li>\n<\/ul>\n<hr data-path-to-node=\"8\" \/>\n<h3 data-path-to-node=\"9\">C\u1ea5u tr\u00fac l\u1edbp \u0111\u1ec7m (3 l\u1edbp t\u1ed1i \u01b0u)<\/h3>\n<ol start=\"1\" data-path-to-node=\"10\">\n<li>\n<p data-path-to-node=\"10,0,0\"><b data-path-to-node=\"10,0,0\" data-index-in-node=\"0\">L\u1edbp v\u1ea3i Micro Poly:<\/b> B\u1ec1 m\u1eb7t ti\u1ebfp x\u00fac tr\u1ef1c ti\u1ebfp, t\u1ea1o \u0111\u1ed9 m\u1ec1m m\u1ea1i, m\u01b0\u1ee3t m\u00e0 v\u00e0 gi\u00fap tho\u00e1t \u1ea9m nhanh ch\u00f3ng.<\/p>\n<\/li>\n<li>\n<p data-path-to-node=\"10,1,0\"><b data-path-to-node=\"10,1,0\" data-index-in-node=\"0\">L\u1edbp l\u00f5i b\u00f4ng PE:<\/b> T\u1ea1o \u0111\u1ed9 ph\u1ed3ng v\u00e0 \u00eam \u00e1i nh\u1eb9 nh\u00e0ng, h\u1ed7 tr\u1ee3 kh\u00e1ng khu\u1ea9n v\u00e0 gi\u1eef form d\u00e1ng cho t\u1ea5m b\u1ea3o v\u1ec7.<\/p>\n<\/li>\n<li>\n<p data-path-to-node=\"10,2,0\"><b data-path-to-node=\"10,2,0\" data-index-in-node=\"0\">M\u00e0ng TPU ch\u1ed1ng th\u1ea5m:<\/b> L\u1edbp b\u1ea3o v\u1ec7 cu\u1ed1i c\u00f9ng ng\u0103n n\u01b0\u1edbc th\u1ea9m th\u1ea5u, b\u1ea3o v\u1ec7 n\u1ec7m kh\u1ecfi v\u1ebft b\u1ea9n v\u00e0 vi khu\u1ea9n x\u00e2m nh\u1eadp.<img loading=\"lazy\" decoding=\"async\" class=\"alignnone size-full wp-image-6129\" src=\"https:\/\/hanvicostore.com.vn\/wp-content\/uploads\/2026\/04\/z7734533732985_ad143ed7ec4c98cc714e41e565bcf4f5.jpg\" alt=\"\" width=\"1000\" height=\"1500\" srcset=\"https:\/\/hanvicostore.com.vn\/wp-content\/uploads\/2026\/04\/z7734533732985_ad143ed7ec4c98cc714e41e565bcf4f5.jpg 1000w, https:\/\/hanvicostore.com.vn\/wp-content\/uploads\/2026\/04\/z7734533732985_ad143ed7ec4c98cc714e41e565bcf4f5-200x300.jpg 200w, https:\/\/hanvicostore.com.vn\/wp-content\/uploads\/2026\/04\/z7734533732985_ad143ed7ec4c98cc714e41e565bcf4f5-683x1024.jpg 683w, https:\/\/hanvicostore.com.vn\/wp-content\/uploads\/2026\/04\/z7734533732985_ad143ed7ec4c98cc714e41e565bcf4f5-768x1152.jpg 768w, https:\/\/hanvicostore.com.vn\/wp-content\/uploads\/2026\/04\/z7734533732985_ad143ed7ec4c98cc714e41e565bcf4f5-8x12.jpg 8w, https:\/\/hanvicostore.com.vn\/wp-content\/uploads\/2026\/04\/z7734533732985_ad143ed7ec4c98cc714e41e565bcf4f5-600x900.jpg 600w\" sizes=\"auto, (max-width: 1000px) 100vw, 1000px\" \/><\/p>\n<\/li>\n<\/ol>\n<hr data-path-to-node=\"11\" \/>\n<h3 data-path-to-node=\"12\">Tr\u1ea3i nghi\u1ec7m tr\u1ef1c ti\u1ebfp t\u1ea1i TP.HCM<\/h3>\n<p data-path-to-node=\"13\">Qu\u00fd kh\u00e1ch h\u00e0ng c\u00f3 th\u1ec3 \u0111\u1ebfn xem v\u00e0 tr\u1ea3i nghi\u1ec7m tr\u1ef1c ti\u1ebfp ch\u1ea5t l\u01b0\u1ee3ng s\u1ea3n ph\u1ea9m t\u1ea1i showroom:<\/p>\n<ul data-path-to-node=\"14\">\n<li>\n<p data-path-to-node=\"14,0,0\"><b data-path-to-node=\"14,0,0\" data-index-in-node=\"0\">\u0110\u1ecba ch\u1ec9:<\/b> 287 Nguy\u1ec5n V\u0103n Tr\u1ed7i, Ph\u01b0\u1eddng 10, Qu\u1eadn Ph\u00fa Nhu\u1eadn, TP.HCM.<\/p>\n<\/li>\n<li>\n<p data-path-to-node=\"14,1,0\"><b data-path-to-node=\"14,1,0\" data-index-in-node=\"0\">Hotline h\u1ed7 tr\u1ee3:<\/b> 0938.590.286<\/p>\n<\/li>\n<\/ul>","protected":false},"excerpt":{"rendered":"<p>T\u1ea5m B\u1ea3o V\u1ec7 N\u1ec7m Ch\u1ed1ng Th\u1ea5m Tuy\u1ec7t \u0110\u1ed1i &#8211; Hanvico T\u1ea5m b\u1ea3o v\u1ec7 n\u1ec7m Hanvico l\u00e0 gi\u1ea3i ph\u00e1p ho\u00e0n h\u1ea3o \u0111\u1ec3 gi\u1eef cho chi\u1ebfc n\u1ec7m c\u1ee7a gia \u0111\u00ecnh lu\u00f4n s\u1ea1ch s\u1ebd v\u00e0 b\u1ec1n b\u1ec9 theo th\u1eddi gian. V\u1edbi c\u00f4ng ngh\u1ec7 ch\u1ed1ng th\u1ea5m 100%, s\u1ea3n ph\u1ea9m kh\u00f4ng ch\u1ec9 ng\u0103n ch\u1eb7n ch\u1ea5t l\u1ecfng m\u00e0 c\u00f2n mang l\u1ea1i [&#8230;]","protected":false},"featured_media":6116,"comment_status":"open","ping_status":"closed","template":"","meta":[],"product_cat":[96,75,73],"product_tag":[],"class_list":{"0":"post-6103","1":"product","2":"type-product","3":"status-publish","4":"has-post-thumbnail","6":"product_cat-bao-ve-nem","7":"product_cat-phu-kien","8":"product_cat-san-pham-noi-bat","10":"first","11":"instock","12":"shipping-taxable","13":"purchasable","14":"product-type-variable"},"_links":{"self":[{"href":"https:\/\/hanvicostore.com.vn\/en\/wp-json\/wp\/v2\/product\/6103","targetHints":{"allow":["GET"]}}],"collection":[{"href":"https:\/\/hanvicostore.com.vn\/en\/wp-json\/wp\/v2\/product"}],"about":[{"href":"https:\/\/hanvicostore.com.vn\/en\/wp-json\/wp\/v2\/types\/product"}],"replies":[{"embeddable":true,"href":"https:\/\/hanvicostore.com.vn\/en\/wp-json\/wp\/v2\/comments?post=6103"}],"wp:featuredmedia":[{"embeddable":true,"href":"https:\/\/hanvicostore.com.vn\/en\/wp-json\/wp\/v2\/media\/6116"}],"wp:attachment":[{"href":"https:\/\/hanvicostore.com.vn\/en\/wp-json\/wp\/v2\/media?parent=6103"}],"wp:term":[{"taxonomy":"product_cat","embeddable":true,"href":"https:\/\/hanvicostore.com.vn\/en\/wp-json\/wp\/v2\/product_cat?post=6103"},{"taxonomy":"product_tag","embeddable":true,"href":"https:\/\/hanvicostore.com.vn\/en\/wp-json\/wp\/v2\/product_tag?post=6103"}],"curies":[{"name":"wp","href":"https:\/\/api.w.org\/{rel}","templated":true}]}}